{"id":3,"date":"2021-05-22T13:21:57","date_gmt":"2021-05-22T16:21:57","guid":{"rendered":"http:\/\/farmaciasaovicente.com.br\/?page_id=3"},"modified":"2021-05-23T17:52:45","modified_gmt":"2021-05-23T20:52:45","slug":"politica-de-privacidade","status":"publish","type":"page","link":"https:\/\/farmaciasaovicente.com.br\/site\/politica-de-privacidade\/","title":{"rendered":"Pol\u00edtica de privacidade"},"content":{"rendered":"\n<div style=\"height:35px\" aria-hidden=\"true\" class=\"wp-block-spacer\"><\/div>\n\n\n\n<h3 class=\"wp-block-heading\">1. Pol\u00edticas Gerais<\/h3>\n\n\n\n<p>As pol\u00edticas de privacidade da Farm\u00e1cia S\u00e3o Vicente, baseia-se nos princ\u00edpios do seu compromisso com a transpar\u00eancia e o respeito nas rela\u00e7\u00f5es para com seus clientes, fornecedores e visitantes atrav\u00e9s da utiliza\u00e7\u00e3o do nosso site. A Farm\u00e1cia S\u00e3o Vicente, preocupa-se com a privacidade e a seguran\u00e7a de seus clientes, fornecedores e dos visitantes do seu site, garantindo atrav\u00e9s das mais avan\u00e7adas tecnologias de certifica\u00e7\u00e3o prote\u00e7\u00e3o da privacidade das informa\u00e7\u00f5es pessoais fornecidas a todos aqueles que visitam o site da farm\u00e1cia.<\/p>\n\n\n\n<h3 class=\"wp-block-heading\">2. Tratamento das Informa\u00e7\u00f5es<\/h3>\n\n\n\n<p>As informa\u00e7\u00f5es dos clientes, fornecedores e visitantes s\u00e3o utilizadas por pessoal autorizado e qualificado para desempenhar as fun\u00e7\u00f5es inerentes a contatos e a realiza\u00e7\u00e3o de neg\u00f3cios via Internet ou n\u00e3o. Toda e qualquer informa\u00e7\u00e3o coletada ser\u00e1 guardada de acordo com padr\u00f5es r\u00edgidos de confidencialidade e seguran\u00e7a e n\u00e3o ser\u00e3o repassadas a terceiros, exceto se expressamente autorizado pelo cliente, por for\u00e7a de lei ou para dar cabo das solicita\u00e7\u00f5es formuladas pelos nossos clientes e fornecedores, caso aceitas. O cliente cadastrado conosco poder\u00e1, a qualquer tempo, corrigir ou atualizar as informa\u00e7\u00f5es fornecidas e demais dados cadastrais, pelos diversos canais dispon\u00edveis de contato com a Farm\u00e1cia S\u00e3o Vicente.<\/p>\n\n\n\n<div style=\"height:100px\" aria-hidden=\"true\" class=\"wp-block-spacer\"><\/div>\n","protected":false},"excerpt":{"rendered":"<p>1. Pol\u00edticas Gerais As pol\u00edticas de privacidade da Farm\u00e1cia S\u00e3o Vicente, baseia-se nos princ\u00edpios do seu compromisso com a transpar\u00eancia e o respeito nas rela\u00e7\u00f5es para com seus clientes, fornecedores e visitantes atrav\u00e9s da utiliza\u00e7\u00e3o do nosso site. A Farm\u00e1cia S\u00e3o Vicente, preocupa-se com a privacidade e a seguran\u00e7a de seus clientes, fornecedores e dos [&hellip;]<\/p>\n","protected":false},"author":1,"featured_media":0,"parent":0,"menu_order":0,"comment_status":"closed","ping_status":"closed","template":"model-basic.php","meta":{"footnotes":""},"class_list":["post-3","page","type-page","status-publish","hentry"],"_links":{"self":[{"href":"https:\/\/farmaciasaovicente.com.br\/site\/wp-json\/wp\/v2\/pages\/3","targetHints":{"allow":["GET"]}}],"collection":[{"href":"https:\/\/farmaciasaovicente.com.br\/site\/wp-json\/wp\/v2\/pages"}],"about":[{"href":"https:\/\/farmaciasaovicente.com.br\/site\/wp-json\/wp\/v2\/types\/page"}],"author":[{"embeddable":true,"href":"https:\/\/farmaciasaovicente.com.br\/site\/wp-json\/wp\/v2\/users\/1"}],"replies":[{"embeddable":true,"href":"https:\/\/farmaciasaovicente.com.br\/site\/wp-json\/wp\/v2\/comments?post=3"}],"version-history":[{"count":0,"href":"https:\/\/farmaciasaovicente.com.br\/site\/wp-json\/wp\/v2\/pages\/3\/revisions"}],"wp:attachment":[{"href":"https:\/\/farmaciasaovicente.com.br\/site\/wp-json\/wp\/v2\/media?parent=3"}],"curies":[{"name":"wp","href":"https:\/\/api.w.org\/{rel}","templated":true}]}}