{"id":48,"date":"2021-05-23T09:50:30","date_gmt":"2021-05-23T12:50:30","guid":{"rendered":"http:\/\/farmaciasaovicente.com.br\/?page_id=48"},"modified":"2021-05-23T16:17:47","modified_gmt":"2021-05-23T19:17:47","slug":"nossa-historia","status":"publish","type":"page","link":"https:\/\/farmaciasaovicente.com.br\/site\/nossa-historia\/","title":{"rendered":"Nossa hist\u00f3ria"},"content":{"rendered":"\n<div style=\"height:56px\" aria-hidden=\"true\" class=\"wp-block-spacer\"><\/div>\n\n\n\n<div class=\"wp-block-columns is-layout-flex wp-container-core-columns-is-layout-9d6595d7 wp-block-columns-is-layout-flex\">\n<div class=\"wp-block-column is-layout-flow wp-block-column-is-layout-flow\" style=\"flex-basis:66.66%\">\n<p><strong>A Farm\u00e1cia S\u00e3o Vicente em 2021 completou 30 anos.<\/strong><\/p>\n\n\n\n<p>Nossa atividade consiste no com\u00e9rcio varejista de produtos farmac\u00eauticos e cosm\u00e9ticos.<\/p>\n\n\n\n<p>Come\u00e7amos pequenos, mas com uma forte aptid\u00e3o para excel\u00eancia de atendimento. Desde ent\u00e3o o que fizemos foi crescer juntos com a cidade e nossa gente, atendendo pessoas, colaborando com os cuidados da sa\u00fade de uma popula\u00e7\u00e3o que desde ent\u00e3o, aprendeu a recorrer aos nossos servi\u00e7os. Hoje somos uma rede com 6 lojas estrategicamente posicionadas para tornar acess\u00edveis essas unidades \u00e0 toda a cidade. Sa\u00fade e bem-estar, mam\u00e3e e beb\u00ea, beleza e cosm\u00e9ticos, higiene e dia-a-dia, al\u00e9m de promo\u00e7\u00f5es com ofertas incompar\u00e1veis e a oferta semanal de gen\u00e9ricos com at\u00e9 90% de desconto. A premia\u00e7\u00e3o de nossos clientes vem na forma de programa de fidelidade, gest\u00e3o da rede e cadastros por sistema online integrado, acesso direto ao atendimento das lojas por canais exclusivos e Disk entregas, uma comodidade e seguran\u00e7a necess\u00e1rias nesses tempos atuais.<\/p>\n<\/div>\n\n\n\n<div class=\"wp-block-column is-layout-flow wp-block-column-is-layout-flow\" style=\"flex-basis:33.33%\">\n<figure class=\"wp-block-image size-large\"><img loading=\"lazy\" decoding=\"async\" width=\"400\" height=\"367\" src=\"https:\/\/farmaciasaovicente.com.br\/site\/wp-content\/uploads\/2021\/05\/02-kit.png\" alt=\"\" class=\"wp-image-23\" srcset=\"https:\/\/farmaciasaovicente.com.br\/site\/wp-content\/uploads\/2021\/05\/02-kit.png 400w, https:\/\/farmaciasaovicente.com.br\/site\/wp-content\/uploads\/2021\/05\/02-kit-300x275.png 300w\" sizes=\"auto, (max-width: 400px) 100vw, 400px\" \/><\/figure>\n<\/div>\n<\/div>\n\n\n\n<div style=\"height:59px\" aria-hidden=\"true\" class=\"wp-block-spacer\"><\/div>\n","protected":false},"excerpt":{"rendered":"<p>A Farm\u00e1cia S\u00e3o Vicente em 2021 completou 30 anos. Nossa atividade consiste no com\u00e9rcio varejista de produtos farmac\u00eauticos e cosm\u00e9ticos. Come\u00e7amos pequenos, mas com uma forte aptid\u00e3o para excel\u00eancia de atendimento. Desde ent\u00e3o o que fizemos foi crescer juntos com a cidade e nossa gente, atendendo pessoas, colaborando com os cuidados da sa\u00fade de uma [&hellip;]<\/p>\n","protected":false},"author":1,"featured_media":0,"parent":0,"menu_order":0,"comment_status":"closed","ping_status":"closed","template":"","meta":{"footnotes":""},"class_list":["post-48","page","type-page","status-publish","hentry"],"_links":{"self":[{"href":"https:\/\/farmaciasaovicente.com.br\/site\/wp-json\/wp\/v2\/pages\/48","targetHints":{"allow":["GET"]}}],"collection":[{"href":"https:\/\/farmaciasaovicente.com.br\/site\/wp-json\/wp\/v2\/pages"}],"about":[{"href":"https:\/\/farmaciasaovicente.com.br\/site\/wp-json\/wp\/v2\/types\/page"}],"author":[{"embeddable":true,"href":"https:\/\/farmaciasaovicente.com.br\/site\/wp-json\/wp\/v2\/users\/1"}],"replies":[{"embeddable":true,"href":"https:\/\/farmaciasaovicente.com.br\/site\/wp-json\/wp\/v2\/comments?post=48"}],"version-history":[{"count":0,"href":"https:\/\/farmaciasaovicente.com.br\/site\/wp-json\/wp\/v2\/pages\/48\/revisions"}],"wp:attachment":[{"href":"https:\/\/farmaciasaovicente.com.br\/site\/wp-json\/wp\/v2\/media?parent=48"}],"curies":[{"name":"wp","href":"https:\/\/api.w.org\/{rel}","templated":true}]}}