{"id":54,"date":"2021-05-23T09:51:21","date_gmt":"2021-05-23T12:51:21","guid":{"rendered":"http:\/\/farmaciasaovicente.com.br\/?page_id=54"},"modified":"2021-05-23T15:27:05","modified_gmt":"2021-05-23T18:27:05","slug":"genericos","status":"publish","type":"page","link":"https:\/\/farmaciasaovicente.com.br\/site\/genericos\/","title":{"rendered":"Gen\u00e9ricos"},"content":{"rendered":"\n<figure class=\"wp-block-image size-full is-resized\"><img loading=\"lazy\" decoding=\"async\" src=\"https:\/\/farmaciasaovicente.com.br\/site\/wp-content\/uploads\/2021\/05\/Genericos.png\" alt=\"\" class=\"wp-image-94\" width=\"1137\" height=\"491\" srcset=\"https:\/\/farmaciasaovicente.com.br\/site\/wp-content\/uploads\/2021\/05\/Genericos.png 1137w, https:\/\/farmaciasaovicente.com.br\/site\/wp-content\/uploads\/2021\/05\/Genericos-300x130.png 300w, https:\/\/farmaciasaovicente.com.br\/site\/wp-content\/uploads\/2021\/05\/Genericos-1024x442.png 1024w, https:\/\/farmaciasaovicente.com.br\/site\/wp-content\/uploads\/2021\/05\/Genericos-768x332.png 768w\" sizes=\"auto, (max-width: 1137px) 100vw, 1137px\" \/><\/figure>\n\n\n\n<div style=\"height:38px\" aria-hidden=\"true\" class=\"wp-block-spacer\"><\/div>\n\n\n\n<h2 class=\"wp-block-heading\">TIPOS DE MEDICAMENTOS<\/h2>\n\n\n\n<div style=\"height:38px\" aria-hidden=\"true\" class=\"wp-block-spacer\"><\/div>\n\n\n\n<div class=\"wp-block-columns is-layout-flex wp-container-core-columns-is-layout-9d6595d7 wp-block-columns-is-layout-flex\">\n<div class=\"wp-block-column is-layout-flow wp-block-column-is-layout-flow\">\n<h5 class=\"wp-block-heading\">Gripes e Resfriados<\/h5>\n\n\n\n<p>Alergias<br>Antibi\u00f3ticos<br>Olhos<br>Col\u00edrios<br>Catarata<br>Pele e Mucosa<br>Press\u00e3o Alta<\/p>\n\n\n\n<h5 class=\"wp-block-heading\">Anti-hipertensivo<\/h5>\n\n\n\n<p>Diur\u00e9ticos<br>Sistema Respirat\u00f3rio<br>Colesterol<br>Diabetes<br>Horm\u00f4nios<br>Vermes e Parasitas<br>Sistema Imunol\u00f3gico<br>Sistema Circulat\u00f3rio<br>Sistema Nervoso<br>Terapia para o C\u00e2ncer<br>Antiem\u00e9tico<\/p>\n<\/div>\n\n\n\n<div class=\"wp-block-column is-layout-flow wp-block-column-is-layout-flow\">\n<h5 class=\"wp-block-heading\">Para os Ossos<\/h5>\n\n\n\n<p>Artrite\/Artrose. Osteoporose<\/p>\n\n\n\n<h5 class=\"wp-block-heading\">Redutos de Peso<\/h5>\n\n\n\n<p>Inibidor de apetite<br>Emagrecedores<\/p>\n\n\n\n<h5 class=\"wp-block-heading\">Sa\u00fade Feminina<\/h5>\n\n\n\n<p>Anticoncepcionais<br>C\u00f3licas<br>Creme e \u00d3vulos Vaginais<\/p>\n\n\n\n<h5 class=\"wp-block-heading\">Sa\u00fade Masculina<\/h5>\n\n\n\n<p>Disfun\u00e7\u00e3o Er\u00e9til<br>Pr\u00f3stata<br>Queda de Cabelo<\/p>\n<\/div>\n\n\n\n<div class=\"wp-block-column is-layout-flow wp-block-column-is-layout-flow\">\n<h5 class=\"wp-block-heading\">Tratamento Capilar<\/h5>\n\n\n\n<p>Piolhos<br>Queda de Cabelo<\/p>\n\n\n\n<h5 class=\"wp-block-heading\">Digest\u00e3o<\/h5>\n\n\n\n<p>Antigases<br>Anti\u00e1cido<br>N\u00e1useas<br>Diarr\u00e9ia<br>\u00dalcera e Gastrite<\/p>\n\n\n\n<h5 class=\"wp-block-heading\">Dor e febre<\/h5>\n\n\n\n<p>Contus\u00e3o e Relaxante Muscular<br>Anti-inflamat\u00f3rios<br>Analg\u00e9sicos<\/p>\n<\/div>\n\n\n\n<div class=\"wp-block-column is-layout-flow wp-block-column-is-layout-flow\">\n<h5 class=\"wp-block-heading\">Anti-hipertensivo<\/h5>\n\n\n\n<p>Diur\u00e9ticos<br>Sistema Respirat\u00f3rio<br>Colesterol<br>Diabetes<br>Horm\u00f4nios<br>Vermes e Parasitas<br>Sistema Imunol\u00f3gico<br>Sistema Circulat\u00f3rio<br>Sistema Nervoso<br>Terapia para o C\u00e2ncer<br>Antiem\u00e9tico<\/p>\n<\/div>\n<\/div>\n\n\n\n<p><\/p>\n","protected":false},"excerpt":{"rendered":"<p>TIPOS DE MEDICAMENTOS Gripes e Resfriados AlergiasAntibi\u00f3ticosOlhosCol\u00edriosCatarataPele e MucosaPress\u00e3o Alta Anti-hipertensivo Diur\u00e9ticosSistema Respirat\u00f3rioColesterolDiabetesHorm\u00f4niosVermes e ParasitasSistema Imunol\u00f3gicoSistema Circulat\u00f3rioSistema NervosoTerapia para o C\u00e2ncerAntiem\u00e9tico Para os Ossos Artrite\/Artrose. Osteoporose Redutos de Peso Inibidor de apetiteEmagrecedores Sa\u00fade Feminina AnticoncepcionaisC\u00f3licasCreme e \u00d3vulos Vaginais Sa\u00fade Masculina Disfun\u00e7\u00e3o Er\u00e9tilPr\u00f3stataQueda de Cabelo Tratamento Capilar PiolhosQueda de Cabelo Digest\u00e3o AntigasesAnti\u00e1cidoN\u00e1useasDiarr\u00e9ia\u00dalcera e Gastrite Dor e [&hellip;]<\/p>\n","protected":false},"author":1,"featured_media":0,"parent":0,"menu_order":0,"comment_status":"closed","ping_status":"closed","template":"","meta":{"footnotes":""},"class_list":["post-54","page","type-page","status-publish","hentry"],"_links":{"self":[{"href":"https:\/\/farmaciasaovicente.com.br\/site\/wp-json\/wp\/v2\/pages\/54","targetHints":{"allow":["GET"]}}],"collection":[{"href":"https:\/\/farmaciasaovicente.com.br\/site\/wp-json\/wp\/v2\/pages"}],"about":[{"href":"https:\/\/farmaciasaovicente.com.br\/site\/wp-json\/wp\/v2\/types\/page"}],"author":[{"embeddable":true,"href":"https:\/\/farmaciasaovicente.com.br\/site\/wp-json\/wp\/v2\/users\/1"}],"replies":[{"embeddable":true,"href":"https:\/\/farmaciasaovicente.com.br\/site\/wp-json\/wp\/v2\/comments?post=54"}],"version-history":[{"count":0,"href":"https:\/\/farmaciasaovicente.com.br\/site\/wp-json\/wp\/v2\/pages\/54\/revisions"}],"wp:attachment":[{"href":"https:\/\/farmaciasaovicente.com.br\/site\/wp-json\/wp\/v2\/media?parent=54"}],"curies":[{"name":"wp","href":"https:\/\/api.w.org\/{rel}","templated":true}]}}