{"id":56,"date":"2021-05-23T09:51:35","date_gmt":"2021-05-23T12:51:35","guid":{"rendered":"http:\/\/farmaciasaovicente.com.br\/?page_id=56"},"modified":"2021-05-23T15:29:03","modified_gmt":"2021-05-23T18:29:03","slug":"farmacia-popular","status":"publish","type":"page","link":"https:\/\/farmaciasaovicente.com.br\/site\/farmacia-popular\/","title":{"rendered":"Farm\u00e1cia popular"},"content":{"rendered":"\n<div class=\"wp-block-columns is-layout-flex wp-container-core-columns-is-layout-9d6595d7 wp-block-columns-is-layout-flex\">\n<div class=\"wp-block-column is-layout-flow wp-block-column-is-layout-flow\">\n<figure class=\"wp-block-image size-full\"><img loading=\"lazy\" decoding=\"async\" width=\"1137\" height=\"491\" src=\"https:\/\/farmaciasaovicente.com.br\/site\/wp-content\/uploads\/2021\/05\/Farmacia-popular.png\" alt=\"\" class=\"wp-image-90\" srcset=\"https:\/\/farmaciasaovicente.com.br\/site\/wp-content\/uploads\/2021\/05\/Farmacia-popular.png 1137w, https:\/\/farmaciasaovicente.com.br\/site\/wp-content\/uploads\/2021\/05\/Farmacia-popular-300x130.png 300w, https:\/\/farmaciasaovicente.com.br\/site\/wp-content\/uploads\/2021\/05\/Farmacia-popular-1024x442.png 1024w, https:\/\/farmaciasaovicente.com.br\/site\/wp-content\/uploads\/2021\/05\/Farmacia-popular-768x332.png 768w\" sizes=\"auto, (max-width: 1137px) 100vw, 1137px\" \/><\/figure>\n\n\n\n<p><\/p>\n<\/div>\n<\/div>\n\n\n\n<div style=\"height:36px\" aria-hidden=\"true\" class=\"wp-block-spacer\"><\/div>\n\n\n\n<h3 class=\"wp-block-heading\">SAIBA COMO ADQUIRIR SEU MEDICAMENTO ATRAV\u00c9S DO PROGRAMA FARM\u00c1CIA POPULAR:<\/h3>\n\n\n\n<div style=\"height:36px\" aria-hidden=\"true\" class=\"wp-block-spacer\"><\/div>\n\n\n\n<p>Receita M\u00e9dica de at\u00e9 180 dias (exceto Anticoncepcionais, que continuam valendo por 12 meses);<\/p>\n\n\n\n<div class=\"wp-block-columns is-layout-flex wp-container-core-columns-is-layout-9d6595d7 wp-block-columns-is-layout-flex\">\n<div class=\"wp-block-column is-layout-flow wp-block-column-is-layout-flow\">\n<h5 class=\"wp-block-heading\">Dados que devem constar na Receita M\u00e9dica:<\/h5>\n\n\n\n<p>Nome e endere\u00e7o do paciente;<br>Data da consulta;<br>Nome e posologia dos medicamentos;<br>Nome, CRM e assinatura do m\u00e9dico;<br>Endere\u00e7o do m\u00e9dico (Cl\u00ednica, Hospital ou Posto de Sa\u00fade).<\/p>\n\n\n\n<h5 class=\"wp-block-heading\">Documentos necess\u00e1rios para a compra:<\/h5>\n\n\n\n<p>Receita v\u00e1lida;<br>CPF + outro documento oficial com foto<\/p>\n<\/div>\n\n\n\n<div class=\"wp-block-column is-layout-flow wp-block-column-is-layout-flow\">\n<h5 class=\"wp-block-heading\">Para comprar para crian\u00e7as:<\/h5>\n\n\n\n<p>Receita + Certid\u00e3o de Nascimento + CPF do respons\u00e1vel.<\/p>\n\n\n\n<h5 class=\"wp-block-heading\">Para comprar para Idosos ou Impossibilitados:<\/h5>\n\n\n\n<p>Receita + CPF do paciente + um documento com foto do paciente e do representante legal + procura\u00e7\u00e3o particular (com reconhecimento de firma) ou procura\u00e7\u00e3o p\u00fablica (sem reconhecimento de firma).<\/p>\n\n\n\n<h5 class=\"wp-block-heading\">Para comprar Fraldas Geri\u00e1tricas:<\/h5>\n\n\n\n<p>Somente para pacientes a partir de 60 anos de idade.<\/p>\n<\/div>\n<\/div>\n\n\n\n<p><\/p>\n","protected":false},"excerpt":{"rendered":"<p>SAIBA COMO ADQUIRIR SEU MEDICAMENTO ATRAV\u00c9S DO PROGRAMA FARM\u00c1CIA POPULAR: Receita M\u00e9dica de at\u00e9 180 dias (exceto Anticoncepcionais, que continuam valendo por 12 meses); Dados que devem constar na Receita M\u00e9dica: Nome e endere\u00e7o do paciente;Data da consulta;Nome e posologia dos medicamentos;Nome, CRM e assinatura do m\u00e9dico;Endere\u00e7o do m\u00e9dico (Cl\u00ednica, Hospital ou Posto de Sa\u00fade). [&hellip;]<\/p>\n","protected":false},"author":1,"featured_media":0,"parent":0,"menu_order":0,"comment_status":"closed","ping_status":"closed","template":"","meta":{"footnotes":""},"class_list":["post-56","page","type-page","status-publish","hentry"],"_links":{"self":[{"href":"https:\/\/farmaciasaovicente.com.br\/site\/wp-json\/wp\/v2\/pages\/56","targetHints":{"allow":["GET"]}}],"collection":[{"href":"https:\/\/farmaciasaovicente.com.br\/site\/wp-json\/wp\/v2\/pages"}],"about":[{"href":"https:\/\/farmaciasaovicente.com.br\/site\/wp-json\/wp\/v2\/types\/page"}],"author":[{"embeddable":true,"href":"https:\/\/farmaciasaovicente.com.br\/site\/wp-json\/wp\/v2\/users\/1"}],"replies":[{"embeddable":true,"href":"https:\/\/farmaciasaovicente.com.br\/site\/wp-json\/wp\/v2\/comments?post=56"}],"version-history":[{"count":0,"href":"https:\/\/farmaciasaovicente.com.br\/site\/wp-json\/wp\/v2\/pages\/56\/revisions"}],"wp:attachment":[{"href":"https:\/\/farmaciasaovicente.com.br\/site\/wp-json\/wp\/v2\/media?parent=56"}],"curies":[{"name":"wp","href":"https:\/\/api.w.org\/{rel}","templated":true}]}}