{"id":63,"date":"2021-05-23T09:53:36","date_gmt":"2021-05-23T12:53:36","guid":{"rendered":"http:\/\/farmaciasaovicente.com.br\/?page_id=63"},"modified":"2021-06-16T18:13:29","modified_gmt":"2021-06-16T21:13:29","slug":"comodidade","status":"publish","type":"page","link":"https:\/\/farmaciasaovicente.com.br\/site\/comodidade\/","title":{"rendered":"Comodidade"},"content":{"rendered":"\n<figure class=\"wp-block-image size-large\"><img loading=\"lazy\" decoding=\"async\" width=\"1024\" height=\"443\" src=\"https:\/\/farmaciasaovicente.com.br\/site\/wp-content\/uploads\/2021\/06\/Grupo-53@2x-1024x443.png\" alt=\"\" class=\"wp-image-290\" srcset=\"https:\/\/farmaciasaovicente.com.br\/site\/wp-content\/uploads\/2021\/06\/Grupo-53@2x-1024x443.png 1024w, https:\/\/farmaciasaovicente.com.br\/site\/wp-content\/uploads\/2021\/06\/Grupo-53@2x-300x130.png 300w, https:\/\/farmaciasaovicente.com.br\/site\/wp-content\/uploads\/2021\/06\/Grupo-53@2x-768x333.png 768w, https:\/\/farmaciasaovicente.com.br\/site\/wp-content\/uploads\/2021\/06\/Grupo-53@2x.png 1134w\" sizes=\"auto, (max-width: 1024px) 100vw, 1024px\" \/><\/figure>\n\n\n\n<div style=\"height:43px\" aria-hidden=\"true\" class=\"wp-block-spacer\"><\/div>\n\n\n\n<h2 class=\"wp-block-heading\">FORMAS DE PAGAMENTO<\/h2>\n\n\n\n<div class=\"wp-block-columns is-layout-flex wp-container-core-columns-is-layout-9d6595d7 wp-block-columns-is-layout-flex\">\n<div class=\"wp-block-column is-layout-flow wp-block-column-is-layout-flow\">\n<h4 class=\"wp-block-heading\">Cart\u00e3o de cr\u00e9dito<\/h4>\n\n\n\n<p>Na Farm\u00e1cia S\u00e3o Vicente aceitamos todos os cart\u00f5es de cr\u00e9dito: Visa, Mastercard, Hipercard, American Express e Cart\u00e3o Viva Bem Farm\u00e1cia S\u00e3o Vicente. Para usar seu cart\u00e3o de cr\u00e9dito na sua compra, basta escolher esta op\u00e7\u00e3o na tela de pagamento. Ao optar pelo cart\u00e3o de cr\u00e9dito, voc\u00ea pode parcelar suas compras de acordo com o valor do pedido e com as condi\u00e7\u00f5es ofertadas.<\/p>\n<\/div>\n\n\n\n<div class=\"wp-block-column is-layout-flow wp-block-column-is-layout-flow\">\n<h4 class=\"wp-block-heading\">DINHEIRO<\/h4>\n\n\n\n<p>O pagamento em dinheiro est\u00e1 dispon\u00edvel feito diretamente na loja ou pelo servi\u00e7o de entrega r\u00e1pida (feita por entregador).<\/p>\n\n\n\n<h4 class=\"wp-block-heading\">Cart\u00e3o Viva Bem Farm\u00e1cia S\u00e3o Vicente<\/h4>\n\n\n\n<p>Para receber seu cart\u00e3o e usufruir do Programa de Incentivo, \u00e9 necess\u00e1rio que voc\u00ea fa\u00e7a seu cadastro, gratuitamente.<\/p>\n<\/div>\n<\/div>\n\n\n\n<div style=\"height:63px\" aria-hidden=\"true\" class=\"wp-block-spacer\"><\/div>\n","protected":false},"excerpt":{"rendered":"<p>FORMAS DE PAGAMENTO Cart\u00e3o de cr\u00e9dito Na Farm\u00e1cia S\u00e3o Vicente aceitamos todos os cart\u00f5es de cr\u00e9dito: Visa, Mastercard, Hipercard, American Express e Cart\u00e3o Viva Bem Farm\u00e1cia S\u00e3o Vicente. Para usar seu cart\u00e3o de cr\u00e9dito na sua compra, basta escolher esta op\u00e7\u00e3o na tela de pagamento. Ao optar pelo cart\u00e3o de cr\u00e9dito, voc\u00ea pode parcelar suas [&hellip;]<\/p>\n","protected":false},"author":1,"featured_media":0,"parent":0,"menu_order":0,"comment_status":"closed","ping_status":"closed","template":"","meta":{"footnotes":""},"class_list":["post-63","page","type-page","status-publish","hentry"],"_links":{"self":[{"href":"https:\/\/farmaciasaovicente.com.br\/site\/wp-json\/wp\/v2\/pages\/63","targetHints":{"allow":["GET"]}}],"collection":[{"href":"https:\/\/farmaciasaovicente.com.br\/site\/wp-json\/wp\/v2\/pages"}],"about":[{"href":"https:\/\/farmaciasaovicente.com.br\/site\/wp-json\/wp\/v2\/types\/page"}],"author":[{"embeddable":true,"href":"https:\/\/farmaciasaovicente.com.br\/site\/wp-json\/wp\/v2\/users\/1"}],"replies":[{"embeddable":true,"href":"https:\/\/farmaciasaovicente.com.br\/site\/wp-json\/wp\/v2\/comments?post=63"}],"version-history":[{"count":2,"href":"https:\/\/farmaciasaovicente.com.br\/site\/wp-json\/wp\/v2\/pages\/63\/revisions"}],"predecessor-version":[{"id":291,"href":"https:\/\/farmaciasaovicente.com.br\/site\/wp-json\/wp\/v2\/pages\/63\/revisions\/291"}],"wp:attachment":[{"href":"https:\/\/farmaciasaovicente.com.br\/site\/wp-json\/wp\/v2\/media?parent=63"}],"curies":[{"name":"wp","href":"https:\/\/api.w.org\/{rel}","templated":true}]}}