{"id":7,"date":"2021-05-22T14:25:34","date_gmt":"2021-05-22T17:25:34","guid":{"rendered":"http:\/\/farmaciasaovicente.com.br\/?page_id=7"},"modified":"2021-06-09T14:26:50","modified_gmt":"2021-06-09T17:26:50","slug":"home","status":"publish","type":"page","link":"https:\/\/farmaciasaovicente.com.br\/site\/","title":{"rendered":"Home"},"content":{"rendered":"\n<div class=\"wp-block-group group-home\"><div class=\"wp-block-group__inner-container is-layout-flow wp-block-group-is-layout-flow\">\n<div class=\"wp-block-columns is-layout-flex wp-container-core-columns-is-layout-9d6595d7 wp-block-columns-is-layout-flex\">\n<div class=\"wp-block-column is-layout-flow wp-block-column-is-layout-flow\">\n<figure class=\"wp-block-image size-large is-style-default\"><a href=\"https:\/\/farmaciasaovicente.com.br\/site\/nossas-lojas\/\"><img loading=\"lazy\" decoding=\"async\" width=\"271\" height=\"220\" src=\"https:\/\/farmaciasaovicente.com.br\/site\/wp-content\/uploads\/2021\/05\/01-mapa.png\" alt=\"Nossas lojas\" class=\"wp-image-20\"\/><\/a><figcaption><strong><em>Nossas lojas<\/em><\/strong><\/figcaption><\/figure>\n<\/div>\n\n\n\n<div class=\"wp-block-column is-layout-flow wp-block-column-is-layout-flow\">\n<figure class=\"wp-block-image size-large is-style-default\"><a href=\"https:\/\/farmaciasaovicente.com.br\/site\/genericos\/\"><img loading=\"lazy\" decoding=\"async\" width=\"271\" height=\"220\" src=\"https:\/\/farmaciasaovicente.com.br\/site\/wp-content\/uploads\/2021\/05\/01-genericos.png\" alt=\"Gen\u00e9ricos\" class=\"wp-image-19\"\/><\/a><figcaption><em><strong>Gen\u00e9ricos<\/strong><\/em><\/figcaption><\/figure>\n<\/div>\n\n\n\n<div class=\"wp-block-column is-layout-flow wp-block-column-is-layout-flow\">\n<figure class=\"wp-block-image size-large is-style-default\"><a href=\"https:\/\/farmaciasaovicente.com.br\/site\/farmacia-popular\/\"><img loading=\"lazy\" decoding=\"async\" width=\"271\" height=\"220\" src=\"https:\/\/farmaciasaovicente.com.br\/site\/wp-content\/uploads\/2021\/05\/01-farmacia-popular.png\" alt=\"Farm\u00e1cia Popular\" class=\"wp-image-22\"\/><\/a><figcaption><strong><em>Farm\u00e1cia Popular<\/em><\/strong><\/figcaption><\/figure>\n<\/div>\n\n\n\n<div class=\"wp-block-column is-layout-flow wp-block-column-is-layout-flow\">\n<figure class=\"wp-block-image size-large is-style-default\"><a href=\"https:\/\/farmaciasaovicente.com.br\/site\/ofertas-da-semana\/\"><img loading=\"lazy\" decoding=\"async\" width=\"271\" height=\"220\" src=\"https:\/\/farmaciasaovicente.com.br\/site\/wp-content\/uploads\/2021\/05\/01-ofertas.png\" alt=\"Ofertas da semana\" class=\"wp-image-21\"\/><\/a><figcaption><strong><em>Oferta da Semana<\/em><\/strong><\/figcaption><\/figure>\n\n\n\n<p><\/p>\n<\/div>\n<\/div>\n<\/div><\/div>\n\n\n\n<div class=\"wp-block-columns is-layout-flex wp-container-core-columns-is-layout-9d6595d7 wp-block-columns-is-layout-flex\">\n<div class=\"wp-block-column section-02-title is-layout-flow wp-block-column-is-layout-flow\" style=\"flex-basis:100%\">\n<h2 class=\"has-text-align-center wp-block-heading\"><strong><em>NOSSA HIST\u00d3RIA<\/em><\/strong><\/h2>\n<\/div>\n<\/div>\n\n\n\n<div class=\"wp-block-columns alignfull section-02-content is-layout-flex wp-container-core-columns-is-layout-9d6595d7 wp-block-columns-is-layout-flex\">\n<div class=\"wp-block-column is-layout-flow wp-block-column-is-layout-flow\" style=\"flex-basis:66.66%\">\n<p class=\"has-text-color\" style=\"color:#707070\">A Farm\u00e1cia S\u00e3o Vicente em 2021 <strong>completou 30 anos.<\/strong><br>Nossa atividade consiste no com\u00e9rcio varejista de <strong>produtos farmac\u00eauticos e cosm\u00e9ticos.<\/strong><br>Come\u00e7amos pequenos, mas com uma forte aptid\u00e3o para excel\u00eancia de atendimento. Desde ent\u00e3o o que fizemos foi<strong> crescer juntos<\/strong> com a cidade e nossa gente, atendendo pessoas, colaborando com os cuidados da sa\u00fade de uma popula\u00e7\u00e3o que desde ent\u00e3o, aprendeu a recorrer aos nossos servi\u00e7os. Hoje <strong>somos uma rede com 6 lojas<\/strong> estrategicamente posicionadas para tornar acess\u00edveis essas unidades \u00e0 toda a cidade. <strong>Sa\u00fade e bem-estar, mam\u00e3e e beb\u00ea, beleza e cosm\u00e9ticos, higiene e dia-a-dia, al\u00e9m de promo\u00e7\u00f5es com ofertas incompar\u00e1veis e a oferta semanal de gen\u00e9ricos com at\u00e9 90% de desconto.<\/strong> A premia\u00e7\u00e3o de nossos clientes vem na forma de programa de fidelidade, gest\u00e3o da rede e cadastros por sistema online integrado, acesso direto ao atendimento das lojas por canais exclusivos e Disk entregas, uma comodidade e seguran\u00e7a necess\u00e1rias nesses tempos atuais.<\/p>\n<\/div>\n\n\n\n<div class=\"wp-block-column is-layout-flow wp-block-column-is-layout-flow\" style=\"flex-basis:33.33%\">\n<figure class=\"wp-block-image size-large is-style-default\"><img loading=\"lazy\" decoding=\"async\" width=\"400\" height=\"367\" src=\"https:\/\/farmaciasaovicente.com.br\/site\/wp-content\/uploads\/2021\/05\/02-kit.png\" alt=\"\" class=\"wp-image-23\" srcset=\"https:\/\/farmaciasaovicente.com.br\/site\/wp-content\/uploads\/2021\/05\/02-kit.png 400w, https:\/\/farmaciasaovicente.com.br\/site\/wp-content\/uploads\/2021\/05\/02-kit-300x275.png 300w\" sizes=\"auto, (max-width: 400px) 100vw, 400px\" \/><\/figure>\n<\/div>\n<\/div>\n\n\n\n<div class=\"wp-block-columns section-03 is-layout-flex wp-container-core-columns-is-layout-9d6595d7 wp-block-columns-is-layout-flex\">\n<div class=\"wp-block-column is-layout-flow wp-block-column-is-layout-flow\">\n<figure class=\"wp-block-image size-large\"><a href=\"https:\/\/farmaciasaovicente.com.br\/site\/comodidade\/\"><img loading=\"lazy\" decoding=\"async\" width=\"368\" height=\"565\" src=\"https:\/\/farmaciasaovicente.com.br\/site\/wp-content\/uploads\/2021\/05\/03-convenios.png\" alt=\"\" class=\"wp-image-25\" srcset=\"https:\/\/farmaciasaovicente.com.br\/site\/wp-content\/uploads\/2021\/05\/03-convenios.png 368w, https:\/\/farmaciasaovicente.com.br\/site\/wp-content\/uploads\/2021\/05\/03-convenios-195x300.png 195w\" sizes=\"auto, (max-width: 368px) 100vw, 368px\" \/><\/a><\/figure>\n<\/div>\n\n\n\n<div class=\"wp-block-column is-layout-flow wp-block-column-is-layout-flow\">\n<figure class=\"wp-block-image size-large\"><a href=\"https:\/\/farmaciasaovicente.com.br\/site\/comodidade\/\"><img loading=\"lazy\" decoding=\"async\" width=\"368\" height=\"565\" src=\"https:\/\/farmaciasaovicente.com.br\/site\/wp-content\/uploads\/2021\/05\/03-formas-de-pagamento.png\" alt=\"\" class=\"wp-image-31\" srcset=\"https:\/\/farmaciasaovicente.com.br\/site\/wp-content\/uploads\/2021\/05\/03-formas-de-pagamento.png 368w, https:\/\/farmaciasaovicente.com.br\/site\/wp-content\/uploads\/2021\/05\/03-formas-de-pagamento-195x300.png 195w\" sizes=\"auto, (max-width: 368px) 100vw, 368px\" \/><\/a><\/figure>\n<\/div>\n\n\n\n<div class=\"wp-block-column is-layout-flow wp-block-column-is-layout-flow\">\n<figure class=\"wp-block-image size-large\"><a href=\"https:\/\/farmaciasaovicente.com.br\/site\/ofertas-da-semana\/\"><img loading=\"lazy\" decoding=\"async\" width=\"368\" height=\"565\" src=\"https:\/\/farmaciasaovicente.com.br\/site\/wp-content\/uploads\/2021\/05\/03-ofertas-da-semana-1.png\" alt=\"\" class=\"wp-image-29\" srcset=\"https:\/\/farmaciasaovicente.com.br\/site\/wp-content\/uploads\/2021\/05\/03-ofertas-da-semana-1.png 368w, https:\/\/farmaciasaovicente.com.br\/site\/wp-content\/uploads\/2021\/05\/03-ofertas-da-semana-1-195x300.png 195w\" sizes=\"auto, (max-width: 368px) 100vw, 368px\" \/><\/a><\/figure>\n\n\n\n<p><\/p>\n<\/div>\n<\/div>\n\n\n\n<figure class=\"wp-block-image size-large section-04\"><a href=\"https:\/\/farmaciasaovicente.com.br\/site\/cadastre-se\/\"><img loading=\"lazy\" decoding=\"async\" width=\"1024\" height=\"180\" src=\"https:\/\/farmaciasaovicente.com.br\/site\/wp-content\/uploads\/2021\/05\/04-ofertas-1024x180.png\" alt=\"\" class=\"wp-image-24\" srcset=\"https:\/\/farmaciasaovicente.com.br\/site\/wp-content\/uploads\/2021\/05\/04-ofertas-1024x180.png 1024w, https:\/\/farmaciasaovicente.com.br\/site\/wp-content\/uploads\/2021\/05\/04-ofertas-300x53.png 300w, https:\/\/farmaciasaovicente.com.br\/site\/wp-content\/uploads\/2021\/05\/04-ofertas-768x135.png 768w, https:\/\/farmaciasaovicente.com.br\/site\/wp-content\/uploads\/2021\/05\/04-ofertas.png 1136w\" sizes=\"auto, (max-width: 1024px) 100vw, 1024px\" \/><\/a><\/figure>\n\n\n\n<p><\/p>\n","protected":false},"excerpt":{"rendered":"<p>NOSSA HIST\u00d3RIA A Farm\u00e1cia S\u00e3o Vicente em 2021 completou 30 anos.Nossa atividade consiste no com\u00e9rcio varejista de produtos farmac\u00eauticos e cosm\u00e9ticos.Come\u00e7amos pequenos, mas com uma forte aptid\u00e3o para excel\u00eancia de atendimento. Desde ent\u00e3o o que fizemos foi crescer juntos com a cidade e nossa gente, atendendo pessoas, colaborando com os cuidados da sa\u00fade de uma [&hellip;]<\/p>\n","protected":false},"author":1,"featured_media":0,"parent":0,"menu_order":0,"comment_status":"closed","ping_status":"closed","template":"","meta":{"footnotes":""},"class_list":["post-7","page","type-page","status-publish","hentry"],"_links":{"self":[{"href":"https:\/\/farmaciasaovicente.com.br\/site\/wp-json\/wp\/v2\/pages\/7","targetHints":{"allow":["GET"]}}],"collection":[{"href":"https:\/\/farmaciasaovicente.com.br\/site\/wp-json\/wp\/v2\/pages"}],"about":[{"href":"https:\/\/farmaciasaovicente.com.br\/site\/wp-json\/wp\/v2\/types\/page"}],"author":[{"embeddable":true,"href":"https:\/\/farmaciasaovicente.com.br\/site\/wp-json\/wp\/v2\/users\/1"}],"replies":[{"embeddable":true,"href":"https:\/\/farmaciasaovicente.com.br\/site\/wp-json\/wp\/v2\/comments?post=7"}],"version-history":[{"count":1,"href":"https:\/\/farmaciasaovicente.com.br\/site\/wp-json\/wp\/v2\/pages\/7\/revisions"}],"predecessor-version":[{"id":278,"href":"https:\/\/farmaciasaovicente.com.br\/site\/wp-json\/wp\/v2\/pages\/7\/revisions\/278"}],"wp:attachment":[{"href":"https:\/\/farmaciasaovicente.com.br\/site\/wp-json\/wp\/v2\/media?parent=7"}],"curies":[{"name":"wp","href":"https:\/\/api.w.org\/{rel}","templated":true}]}}